{"id":3924,"date":"2024-11-25T16:28:09","date_gmt":"2024-11-25T19:28:09","guid":{"rendered":"https:\/\/internacionales.unicen.edu.ar\/?page_id=3924"},"modified":"2025-07-15T14:56:45","modified_gmt":"2025-07-15T17:56:45","slug":"movilidad-saliente","status":"publish","type":"page","link":"https:\/\/internacionales.unicen.edu.ar\/?page_id=3924","title":{"rendered":"Movilidad saliente"},"content":{"rendered":"\t\t<div data-elementor-type=\"wp-page\" data-elementor-id=\"3924\" class=\"elementor elementor-3924\">\n\t\t\t\t<div class=\"elementor-element elementor-element-7dde2f7 e-grid e-con-boxed e-con e-parent\" data-id=\"7dde2f7\" data-element_type=\"container\">\n\t\t\t\t\t<div class=\"e-con-inner\">\n\t\t<div class=\"elementor-element elementor-element-0b32c8f e-con-full e-flex e-con e-child\" data-id=\"0b32c8f\" data-element_type=\"container\">\n\t\t\t\t<div class=\"elementor-element elementor-element-4fddaf6 elementor-widget elementor-widget-heading\" data-id=\"4fddaf6\" data-element_type=\"widget\" data-widget_type=\"heading.default\">\n\t\t\t\t<div class=\"elementor-widget-container\">\n\t\t\t\t\t<h2 class=\"elementor-heading-title elementor-size-default\">Requisitos generales para realizar una movilidad<\/h2>\t\t\t\t<\/div>\n\t\t\t\t<\/div>\n\t\t\t\t<div class=\"elementor-element elementor-element-af53e16 elementor-widget elementor-widget-heading\" data-id=\"af53e16\" data-element_type=\"widget\" data-widget_type=\"heading.default\">\n\t\t\t\t<div class=\"elementor-widget-container\">\n\t\t\t\t\t<h3 class=\"elementor-heading-title elementor-size-default\">FORMULARIO DE SOLICITUD DE AVALES\u200b<\/h3>\t\t\t\t<\/div>\n\t\t\t\t<\/div>\n\t\t<div class=\"elementor-element elementor-element-979d0a5 e-con-full e-flex e-con e-child\" data-id=\"979d0a5\" data-element_type=\"container\">\n\t\t\t\t<div class=\"elementor-element elementor-element-ce5421a elementor-widget elementor-widget-heading\" data-id=\"ce5421a\" data-element_type=\"widget\" data-widget_type=\"heading.default\">\n\t\t\t\t<div class=\"elementor-widget-container\">\n\t\t\t\t\t<h6 class=\"elementor-heading-title elementor-size-default\"><a href=\"https:\/\/forms.gle\/ibcso7kndKtn4ccp8\">Completar Google Form<\/a><\/h6>\t\t\t\t<\/div>\n\t\t\t\t<\/div>\n\t\t\t\t<\/div>\n\t\t<div class=\"elementor-element elementor-element-2d98b66 e-con-full e-flex e-con e-child\" data-id=\"2d98b66\" data-element_type=\"container\">\n\t\t\t\t<div class=\"elementor-element elementor-element-747662e elementor-widget elementor-widget-heading\" data-id=\"747662e\" data-element_type=\"widget\" data-widget_type=\"heading.default\">\n\t\t\t\t<div class=\"elementor-widget-container\">\n\t\t\t\t\t<h3 class=\"elementor-heading-title elementor-size-default\">VISADO<\/h3>\t\t\t\t<\/div>\n\t\t\t\t<\/div>\n\t\t\t\t<\/div>\n\t\t<div class=\"elementor-element elementor-element-b6b4bab e-con-full e-flex e-con e-child\" data-id=\"b6b4bab\" data-element_type=\"container\">\n\t\t\t\t<div class=\"elementor-element elementor-element-cbd0c8f elementor-widget elementor-widget-text-editor\" data-id=\"cbd0c8f\" data-element_type=\"widget\" data-widget_type=\"text-editor.default\">\n\t\t\t\t<div class=\"elementor-widget-container\">\n\t\t\t\t\t\t\t\t\t<p><span style=\"font-weight: 400;\">Es importante que antes de sacar el pasaje o reservar el alojamiento, revisar si es necesario tramitar un visado para desarrollar actividades acad\u00e9micas. Adem\u00e1s, la tramitaci\u00f3n del visado que solicita el pa\u00eds de destino es una responsabilidad personal y depende de las normativas de cada pa\u00eds.\u00a0<\/span><\/p><p><span style=\"font-weight: 400;\">Debe informarse bien en la universidad y en el consulado del pa\u00eds de destino sobre cu\u00e1les son los requisitos que se exigen para entrar y permanecer en el pa\u00eds durante el per\u00edodo que durar\u00e1 su estancia. <\/span><\/p>\t\t\t\t\t\t\t\t<\/div>\n\t\t\t\t<\/div>\n\t\t\t\t<\/div>\n\t\t<div class=\"elementor-element elementor-element-7322baa e-con-full e-flex e-con e-child\" data-id=\"7322baa\" data-element_type=\"container\">\n\t\t\t\t<div class=\"elementor-element elementor-element-856bec8 elementor-widget elementor-widget-heading\" data-id=\"856bec8\" data-element_type=\"widget\" data-widget_type=\"heading.default\">\n\t\t\t\t<div class=\"elementor-widget-container\">\n\t\t\t\t\t<h3 class=\"elementor-heading-title elementor-size-default\">SEGURO M\u00c9DICO<\/h3>\t\t\t\t<\/div>\n\t\t\t\t<\/div>\n\t\t\t\t<\/div>\n\t\t<div class=\"elementor-element elementor-element-9eba24c e-con-full e-flex e-con e-child\" data-id=\"9eba24c\" data-element_type=\"container\">\n\t\t\t\t<div class=\"elementor-element elementor-element-b4baaea elementor-widget elementor-widget-text-editor\" data-id=\"b4baaea\" data-element_type=\"widget\" data-widget_type=\"text-editor.default\">\n\t\t\t\t<div class=\"elementor-widget-container\">\n\t\t\t\t\t\t\t\t\t<p>El seguro m\u00e9dico debe incluir:<\/p><ul><li>Asistencia m\u00e9dica por accidente o enfermedad<\/li><li>Traslado sanitario y repatriaci\u00f3n sanitaria<\/li><li>Repatriaci\u00f3n y traslados funerarios<\/li><\/ul><p><em>Los paises y universidades de destino pueden tener requisitos<\/em> especificos.<\/p>\t\t\t\t\t\t\t\t<\/div>\n\t\t\t\t<\/div>\n\t\t\t\t<\/div>\n\t\t\t\t<\/div>\n\t\t<div class=\"elementor-element elementor-element-7dbbe06 e-con-full e-flex e-con e-child\" data-id=\"7dbbe06\" data-element_type=\"container\">\n\t\t<div class=\"elementor-element elementor-element-e33398e e-con-full e-flex e-con e-child\" data-id=\"e33398e\" data-element_type=\"container\">\n\t\t<div class=\"elementor-element elementor-element-51a1141 e-con-full e-flex e-con e-child\" data-id=\"51a1141\" data-element_type=\"container\">\n\t\t\t\t<div class=\"elementor-element elementor-element-4dbda39 elementor-widget elementor-widget-text-editor\" data-id=\"4dbda39\" data-element_type=\"widget\" data-widget_type=\"text-editor.default\">\n\t\t\t\t<div class=\"elementor-widget-container\">\n\t\t\t\t\t\t\t\t\t<p>Desde la DRI se realizan diferentes acciones para promover el desarrollo de habilidades ling\u00fcisticas e interculturales que favorezcan las experiencias de monilidad pero que tambi\u00e9n promueven el aprendizaje de herramientas para la formaci\u00f3n integral.<\/p>\t\t\t\t\t\t\t\t<\/div>\n\t\t\t\t<\/div>\n\t\t\t\t<\/div>\n\t\t<div class=\"elementor-element elementor-element-b8814a4 e-con-full e-flex e-con e-child\" data-id=\"b8814a4\" data-element_type=\"container\">\n\t\t\t\t<div class=\"elementor-element elementor-element-0ea5515 elementor-widget elementor-widget-heading\" data-id=\"0ea5515\" data-element_type=\"widget\" data-widget_type=\"heading.default\">\n\t\t\t\t<div class=\"elementor-widget-container\">\n\t\t\t\t\t<h3 class=\"elementor-heading-title elementor-size-default\">Herramientas para facilitar la movilidad<\/h3>\t\t\t\t<\/div>\n\t\t\t\t<\/div>\n\t\t\t\t<\/div>\n\t\t\t\t<\/div>\n\t\t\t\t<div class=\"elementor-element elementor-element-49613c0 elementor-widget elementor-widget-text-editor\" data-id=\"49613c0\" data-element_type=\"widget\" data-widget_type=\"text-editor.default\">\n\t\t\t\t<div class=\"elementor-widget-container\">\n\t\t\t\t\t\t\t\t\t<p><a href=\"https:\/\/internacionales.nuevo.unicen.edu.ar\/\" target=\"_blank\" rel=\"noopener\">\u00bfQuer\u00e9s conocer con qu\u00e9 instituciones se vincula la UNICEN<\/a><\/p>\t\t\t\t\t\t\t\t<\/div>\n\t\t\t\t<\/div>\n\t\t\t\t<div class=\"elementor-element elementor-element-dd000b9 elementor-widget elementor-widget-text-editor\" data-id=\"dd000b9\" data-element_type=\"widget\" data-widget_type=\"text-editor.default\">\n\t\t\t\t<div class=\"elementor-widget-container\">\n\t\t\t\t\t\t\t\t\t<p><a href=\"https:\/\/drive.google.com\/drive\/folders\/1GLSQmHe3h7efNBvfe1GpX9DI2UH08-Ex?usp=drive_link\" target=\"_blank\" rel=\"noopener\">\u00bfC\u00f3mo presentarse a una beca?<\/a><\/p>\t\t\t\t\t\t\t\t<\/div>\n\t\t\t\t<\/div>\n\t\t\t\t<div class=\"elementor-element elementor-element-56067b8 elementor-widget elementor-widget-text-editor\" data-id=\"56067b8\" data-element_type=\"widget\" data-widget_type=\"text-editor.default\">\n\t\t\t\t<div class=\"elementor-widget-container\">\n\t\t\t\t\t\t\t\t\t<p><a href=\"https:\/\/drive.google.com\/drive\/folders\/1V-zCU1y7aObz2Kstq6ipBXfxWDJY5EMs?usp=drive_link\" target=\"_blank\" rel=\"noopener\">\u00bfTe interesa fortalecer tus habilidades ling\u00fc\u00edsticas e interculturales?<\/a><\/p>\t\t\t\t\t\t\t\t<\/div>\n\t\t\t\t<\/div>\n\t\t\t\t<div class=\"elementor-element elementor-element-94e48b6 elementor-widget elementor-widget-image\" data-id=\"94e48b6\" data-element_type=\"widget\" data-widget_type=\"image.default\">\n\t\t\t\t<div class=\"elementor-widget-container\">\n\t\t\t\t\t\t\t\t\t\t\t\t\t\t\t<img decoding=\"async\" src=\"https:\/\/internacionales.unicen.edu.ar\/wp-content\/plugins\/elementor\/assets\/images\/placeholder.png\" title=\"\" alt=\"\" loading=\"lazy\" \/>\t\t\t\t\t\t\t\t\t\t\t\t\t\t\t<\/div>\n\t\t\t\t<\/div>\n\t\t\t\t<\/div>\n\t\t\t\t\t<\/div>\n\t\t\t\t<\/div>\n\t\t<div class=\"elementor-element elementor-element-37974c2 e-grid e-con-boxed e-con e-parent\" data-id=\"37974c2\" data-element_type=\"container\">\n\t\t\t\t\t<div class=\"e-con-inner\">\n\t\t\t\t<div class=\"elementor-element elementor-element-82a20e6 elementor-widget elementor-widget-text-editor\" data-id=\"82a20e6\" data-element_type=\"widget\" data-widget_type=\"text-editor.default\">\n\t\t\t\t<div class=\"elementor-widget-container\">\n\t\t\t\t\t\t\t\t\t<p><span style=\"font-weight: 400;\">Recomendamos tener el pasaporte con una vigencia no menor a seis meses desde tu fecha de partida y si la beca no cubre el pasaje a\u00e9reo revisar el programa de beneficios en pasajes a\u00e9reos de la Organizaci\u00f3n Internacional para las Migraciones ingresando aqu\u00ed: <\/span><a href=\"https:\/\/argentina.iom.int\/es\/como-solicitar-beneficios-en-pasajes\"><span style=\"font-weight: 400;\">https:\/\/argentina.iom.int\/es\/como-solicitar-beneficios-en-pasajes<\/span><\/a><\/p>\t\t\t\t\t\t\t\t<\/div>\n\t\t\t\t<\/div>\n\t\t\t\t\t<\/div>\n\t\t\t\t<\/div>\n\t\t\t\t<\/div>\n\t\t","protected":false},"excerpt":{"rendered":"<p>Requisitos generales para realizar una movilidad FORMULARIO DE SOLICITUD DE AVALES\u200b Completar Google Form VISADO Es importante que antes de sacar el pasaje o reservar el alojamiento, revisar si es necesario tramitar un visado para desarrollar actividades acad\u00e9micas. Adem\u00e1s, la tramitaci\u00f3n del visado que solicita el pa\u00eds de destino es [&hellip;]<\/p>\n","protected":false},"author":1,"featured_media":0,"parent":0,"menu_order":0,"comment_status":"closed","ping_status":"closed","template":"","meta":{"footnotes":""},"class_list":["post-3924","page","type-page","status-publish","hentry"],"rttpg_featured_image_url":null,"rttpg_author":{"display_name":"soporte","author_link":"https:\/\/internacionales.unicen.edu.ar\/?author=1"},"rttpg_comment":0,"rttpg_category":null,"rttpg_excerpt":"Requisitos generales para realizar una movilidad FORMULARIO DE SOLICITUD DE AVALES\u200b Completar Google Form VISADO Es importante que antes de sacar el pasaje o reservar el alojamiento, revisar si es necesario tramitar un visado para desarrollar actividades acad\u00e9micas. Adem\u00e1s, la tramitaci\u00f3n del visado que solicita el pa\u00eds de destino es [&hellip;]","_links":{"self":[{"href":"https:\/\/internacionales.unicen.edu.ar\/index.php?rest_route=\/wp\/v2\/pages\/3924","targetHints":{"allow":["GET"]}}],"collection":[{"href":"https:\/\/internacionales.unicen.edu.ar\/index.php?rest_route=\/wp\/v2\/pages"}],"about":[{"href":"https:\/\/internacionales.unicen.edu.ar\/index.php?rest_route=\/wp\/v2\/types\/page"}],"author":[{"embeddable":true,"href":"https:\/\/internacionales.unicen.edu.ar\/index.php?rest_route=\/wp\/v2\/users\/1"}],"replies":[{"embeddable":true,"href":"https:\/\/internacionales.unicen.edu.ar\/index.php?rest_route=%2Fwp%2Fv2%2Fcomments&post=3924"}],"version-history":[{"count":37,"href":"https:\/\/internacionales.unicen.edu.ar\/index.php?rest_route=\/wp\/v2\/pages\/3924\/revisions"}],"predecessor-version":[{"id":4788,"href":"https:\/\/internacionales.unicen.edu.ar\/index.php?rest_route=\/wp\/v2\/pages\/3924\/revisions\/4788"}],"wp:attachment":[{"href":"https:\/\/internacionales.unicen.edu.ar\/index.php?rest_route=%2Fwp%2Fv2%2Fmedia&parent=3924"}],"curies":[{"name":"wp","href":"https:\/\/api.w.org\/{rel}","templated":true}]}}