{"id":3944,"date":"2024-11-29T14:05:09","date_gmt":"2024-11-29T17:05:09","guid":{"rendered":"https:\/\/internacionales.unicen.edu.ar\/?page_id=3944"},"modified":"2025-03-27T12:15:09","modified_gmt":"2025-03-27T15:15:09","slug":"experiencias","status":"publish","type":"page","link":"https:\/\/internacionales.unicen.edu.ar\/?page_id=3944","title":{"rendered":"Experiencias"},"content":{"rendered":"\t\t<div data-elementor-type=\"wp-page\" data-elementor-id=\"3944\" class=\"elementor elementor-3944\">\n\t\t\t\t<div class=\"elementor-element elementor-element-4498590 e-flex e-con-boxed e-con e-parent\" data-id=\"4498590\" data-element_type=\"container\">\n\t\t\t\t\t<div class=\"e-con-inner\">\n\t\t\t\t<div class=\"elementor-element elementor-element-9e94d5b elementor-view-default elementor-widget elementor-widget-icon\" data-id=\"9e94d5b\" data-element_type=\"widget\" data-widget_type=\"icon.default\">\n\t\t\t\t<div class=\"elementor-widget-container\">\n\t\t\t\t\t\t\t<div class=\"elementor-icon-wrapper\">\n\t\t\t<div class=\"elementor-icon elementor-animation-shrink\">\n\t\t\t<svg aria-hidden=\"true\" class=\"e-font-icon-svg e-far-comments\" viewBox=\"0 0 576 512\" xmlns=\"http:\/\/www.w3.org\/2000\/svg\"><path d=\"M532 386.2c27.5-27.1 44-61.1 44-98.2 0-80-76.5-146.1-176.2-157.9C368.3 72.5 294.3 32 208 32 93.1 32 0 103.6 0 192c0 37 16.5 71 44 98.2-15.3 30.7-37.3 54.5-37.7 54.9-6.3 6.7-8.1 16.5-4.4 25 3.6 8.5 12 14 21.2 14 53.5 0 96.7-20.2 125.2-38.8 9.2 2.1 18.7 3.7 28.4 4.9C208.1 407.6 281.8 448 368 448c20.8 0 40.8-2.4 59.8-6.8C456.3 459.7 499.4 480 553 480c9.2 0 17.5-5.5 21.2-14 3.6-8.5 1.9-18.3-4.4-25-.4-.3-22.5-24.1-37.8-54.8zm-392.8-92.3L122.1 305c-14.1 9.1-28.5 16.3-43.1 21.4 2.7-4.7 5.4-9.7 8-14.8l15.5-31.1L77.7 256C64.2 242.6 48 220.7 48 192c0-60.7 73.3-112 160-112s160 51.3 160 112-73.3 112-160 112c-16.5 0-33-1.9-49-5.6l-19.8-4.5zM498.3 352l-24.7 24.4 15.5 31.1c2.6 5.1 5.3 10.1 8 14.8-14.6-5.1-29-12.3-43.1-21.4l-17.1-11.1-19.9 4.6c-16 3.7-32.5 5.6-49 5.6-54 0-102.2-20.1-131.3-49.7C338 339.5 416 272.9 416 192c0-3.4-.4-6.7-.7-10C479.7 196.5 528 238.8 528 288c0 28.7-16.2 50.6-29.7 64z\"><\/path><\/svg>\t\t\t<\/div>\n\t\t<\/div>\n\t\t\t\t\t\t<\/div>\n\t\t\t\t<\/div>\n\t\t\t\t\t<\/div>\n\t\t\t\t<\/div>\n\t\t<div class=\"elementor-element elementor-element-2221c0a e-flex e-con-boxed e-con e-parent\" data-id=\"2221c0a\" data-element_type=\"container\">\n\t\t\t\t\t<div class=\"e-con-inner\">\n\t\t<div class=\"elementor-element elementor-element-7e6ce74 e-grid e-con-full e-con e-child\" data-id=\"7e6ce74\" data-element_type=\"container\">\n\t\t\t\t<div class=\"elementor-element elementor-element-6074b1c elementor-widget elementor-widget-testimonial\" data-id=\"6074b1c\" data-element_type=\"widget\" data-widget_type=\"testimonial.default\">\n\t\t\t\t<div class=\"elementor-widget-container\">\n\t\t\t\t\t\t\t<div class=\"elementor-testimonial-wrapper\">\n\t\t\t\t\t\t\t<div class=\"elementor-testimonial-content\">\u201cLa experiencia en la UNICEN fue perfecta, desde la DRI me dieron todo el soporte sobre las informaciones acad\u00e9micas, sobre hospedaje, migraci\u00f3n, informaci\u00f3n sobre la cultura y la ciudad. Estuve muy seguro en el tiempo en que viv\u00ed en Argentina y me encantaron la calidad de la universidad, la estructura y sobretodo los profesores. Los mejores recuerdos fueron los amigos que hice en el intercambio. Me ayudaron en la adaptaci\u00f3n a la cultura e idioma, sin duda fueron como hermanos\".<\/div>\n\t\t\t\n\t\t\t\t\t\t<div class=\"elementor-testimonial-meta elementor-has-image elementor-testimonial-image-position-aside\">\n\t\t\t\t<div class=\"elementor-testimonial-meta-inner\">\n\t\t\t\t\t\t\t\t\t\t\t<div class=\"elementor-testimonial-image\">\n\t\t\t\t\t\t\t<img fetchpriority=\"high\" decoding=\"async\" width=\"959\" height=\"1280\" src=\"https:\/\/internacionales.unicen.edu.ar\/wp-content\/uploads\/2024\/08\/Foto-Antonio.jpeg\" class=\"attachment-full size-full wp-image-46\" alt=\"\" srcset=\"https:\/\/internacionales.unicen.edu.ar\/wp-content\/uploads\/2024\/08\/Foto-Antonio.jpeg 959w, https:\/\/internacionales.unicen.edu.ar\/wp-content\/uploads\/2024\/08\/Foto-Antonio-225x300.jpeg 225w, https:\/\/internacionales.unicen.edu.ar\/wp-content\/uploads\/2024\/08\/Foto-Antonio-767x1024.jpeg 767w, https:\/\/internacionales.unicen.edu.ar\/wp-content\/uploads\/2024\/08\/Foto-Antonio-768x1025.jpeg 768w\" sizes=\"(max-width: 959px) 100vw, 959px\" \/>\t\t\t\t\t\t<\/div>\n\t\t\t\t\t\n\t\t\t\t\t\t\t\t\t\t<div class=\"elementor-testimonial-details\">\n\t\t\t\t\t\t\t\t\t\t\t\t\t\t<div class=\"elementor-testimonial-name\">Antonio Patricio Queres Neto<\/div>\n\t\t\t\t\t\t\t\t\t\t\t\t\t\t\t\t\t\t\t\t\t\t<div class=\"elementor-testimonial-job\">Universidad de Vila Velha (Esp\u00edrito Santo, Brasil)<\/div>\n\t\t\t\t\t\t\t\t\t\t\t\t\t<\/div>\n\t\t\t\t\t\t\t\t\t<\/div>\n\t\t\t<\/div>\n\t\t\t\t\t<\/div>\n\t\t\t\t\t\t<\/div>\n\t\t\t\t<\/div>\n\t\t\t\t<div class=\"elementor-element elementor-element-6d1df4e elementor-widget elementor-widget-testimonial\" data-id=\"6d1df4e\" data-element_type=\"widget\" data-widget_type=\"testimonial.default\">\n\t\t\t\t<div class=\"elementor-widget-container\">\n\t\t\t\t\t\t\t<div class=\"elementor-testimonial-wrapper\">\n\t\t\t\t\t\t\t<div class=\"elementor-testimonial-content\">\u201c\u00a1Todo fue genial! La gente que conoc\u00ed, los alumnos y los profesores, todos muy c\u00e1lidos y gentiles. Las clases tambi\u00e9n fueron todas incre\u00edbles. Aprend\u00ed mucho, tanto castellano cuanto las disciplinas de Derecho. El campus es enorme, tiene un pasto tan verde y los perritos lindos. Los chicos del comedor, siempre felices y chistosos. Los coordinadores que me ayudaron tanto siempre que necesitaba. Las casitas del barrio universitario tan acogedoras\u2026 Extra\u00f1o todo pues fue una experiencia inolvidable y maravillosa. Soy muy agradecida por todo\u201d.<\/div>\n\t\t\t\n\t\t\t\t\t\t<div class=\"elementor-testimonial-meta elementor-has-image elementor-testimonial-image-position-aside\">\n\t\t\t\t<div class=\"elementor-testimonial-meta-inner\">\n\t\t\t\t\t\t\t\t\t\t\t<div class=\"elementor-testimonial-image\">\n\t\t\t\t\t\t\t<img decoding=\"async\" width=\"358\" height=\"373\" src=\"https:\/\/internacionales.unicen.edu.ar\/wp-content\/uploads\/2024\/08\/adriana.jpg\" class=\"attachment-full size-full wp-image-47\" alt=\"\" srcset=\"https:\/\/internacionales.unicen.edu.ar\/wp-content\/uploads\/2024\/08\/adriana.jpg 358w, https:\/\/internacionales.unicen.edu.ar\/wp-content\/uploads\/2024\/08\/adriana-288x300.jpg 288w\" sizes=\"(max-width: 358px) 100vw, 358px\" \/>\t\t\t\t\t\t<\/div>\n\t\t\t\t\t\n\t\t\t\t\t\t\t\t\t\t<div class=\"elementor-testimonial-details\">\n\t\t\t\t\t\t\t\t\t\t\t\t\t\t<div class=\"elementor-testimonial-name\">Adriana Isabelle Barbosa<\/div>\n\t\t\t\t\t\t\t\t\t\t\t\t\t\t\t\t\t\t\t\t\t\t<div class=\"elementor-testimonial-job\">Universidad Federal do Cear\u00e1 (Fortaleza, Brasil)<\/div>\n\t\t\t\t\t\t\t\t\t\t\t\t\t<\/div>\n\t\t\t\t\t\t\t\t\t<\/div>\n\t\t\t<\/div>\n\t\t\t\t\t<\/div>\n\t\t\t\t\t\t<\/div>\n\t\t\t\t<\/div>\n\t\t\t\t<div class=\"elementor-element elementor-element-c9b1618 elementor-widget elementor-widget-testimonial\" data-id=\"c9b1618\" data-element_type=\"widget\" data-widget_type=\"testimonial.default\">\n\t\t\t\t<div class=\"elementor-widget-container\">\n\t\t\t\t\t\t\t<div class=\"elementor-testimonial-wrapper\">\n\t\t\t\t\t\t\t<div class=\"elementor-testimonial-content\">\"Hice el programa de intercambio ARFAGRI, que es un programa de intercambio entre las facultades de veterinaria de Francia y Argentina. Eleg\u00ed la UNICEN porque sab\u00eda que ten\u00eda una muy buena reputaci\u00f3n acad\u00e9mica. Tambi\u00e9n se localiza en la ciudad de Tandil, una ciudad segura y donde viven muchos estudiantes. Particularmente, estudian muchos estudiantes de intercambio.\nEl apoyo recibido por las personas de la DRI de la UNICEN y por los profesores de la Facultad de Ciencias Veterinarias, fue perfecto. Cada vez que ten\u00eda una pregunta, siempre me ayudaron\".<\/div>\n\t\t\t\n\t\t\t\t\t\t<div class=\"elementor-testimonial-meta elementor-has-image elementor-testimonial-image-position-aside\">\n\t\t\t\t<div class=\"elementor-testimonial-meta-inner\">\n\t\t\t\t\t\t\t\t\t\t\t<div class=\"elementor-testimonial-image\">\n\t\t\t\t\t\t\t<img decoding=\"async\" width=\"960\" height=\"960\" src=\"https:\/\/internacionales.unicen.edu.ar\/wp-content\/uploads\/2024\/08\/Sophie.jpg\" class=\"attachment-full size-full wp-image-48\" alt=\"\" srcset=\"https:\/\/internacionales.unicen.edu.ar\/wp-content\/uploads\/2024\/08\/Sophie.jpg 960w, https:\/\/internacionales.unicen.edu.ar\/wp-content\/uploads\/2024\/08\/Sophie-300x300.jpg 300w, https:\/\/internacionales.unicen.edu.ar\/wp-content\/uploads\/2024\/08\/Sophie-150x150.jpg 150w, https:\/\/internacionales.unicen.edu.ar\/wp-content\/uploads\/2024\/08\/Sophie-768x768.jpg 768w\" sizes=\"(max-width: 960px) 100vw, 960px\" \/>\t\t\t\t\t\t<\/div>\n\t\t\t\t\t\n\t\t\t\t\t\t\t\t\t\t<div class=\"elementor-testimonial-details\">\n\t\t\t\t\t\t\t\t\t\t\t\t\t\t<div class=\"elementor-testimonial-name\">Sophie Desforges<\/div>\n\t\t\t\t\t\t\t\t\t\t\t\t\t\t\t\t\t\t\t\t\t\t<div class=\"elementor-testimonial-job\">\u00c9cole nationale v\u00e9t\u00e9rinaire d\u2019Alfort (Francia)<\/div>\n\t\t\t\t\t\t\t\t\t\t\t\t\t<\/div>\n\t\t\t\t\t\t\t\t\t<\/div>\n\t\t\t<\/div>\n\t\t\t\t\t<\/div>\n\t\t\t\t\t\t<\/div>\n\t\t\t\t<\/div>\n\t\t\t\t<\/div>\n\t\t\t\t\t<\/div>\n\t\t\t\t<\/div>\n\t\t\t\t<\/div>\n\t\t","protected":false},"excerpt":{"rendered":"<p>\u201cLa experiencia en la UNICEN fue perfecta, desde la DRI me dieron todo el soporte sobre las informaciones acad\u00e9micas, sobre hospedaje, migraci\u00f3n, informaci\u00f3n sobre la cultura y la ciudad. Estuve muy seguro en el tiempo en que viv\u00ed en Argentina y me encantaron la calidad de la universidad, la estructura [&hellip;]<\/p>\n","protected":false},"author":1,"featured_media":0,"parent":0,"menu_order":0,"comment_status":"closed","ping_status":"closed","template":"elementor_theme","meta":{"footnotes":""},"class_list":["post-3944","page","type-page","status-publish","hentry"],"rttpg_featured_image_url":null,"rttpg_author":{"display_name":"soporte","author_link":"https:\/\/internacionales.unicen.edu.ar\/?author=1"},"rttpg_comment":0,"rttpg_category":null,"rttpg_excerpt":"\u201cLa experiencia en la UNICEN fue perfecta, desde la DRI me dieron todo el soporte sobre las informaciones acad\u00e9micas, sobre hospedaje, migraci\u00f3n, informaci\u00f3n sobre la cultura y la ciudad. Estuve muy seguro en el tiempo en que viv\u00ed en Argentina y me encantaron la calidad de la universidad, la estructura [&hellip;]","_links":{"self":[{"href":"https:\/\/internacionales.unicen.edu.ar\/index.php?rest_route=\/wp\/v2\/pages\/3944","targetHints":{"allow":["GET"]}}],"collection":[{"href":"https:\/\/internacionales.unicen.edu.ar\/index.php?rest_route=\/wp\/v2\/pages"}],"about":[{"href":"https:\/\/internacionales.unicen.edu.ar\/index.php?rest_route=\/wp\/v2\/types\/page"}],"author":[{"embeddable":true,"href":"https:\/\/internacionales.unicen.edu.ar\/index.php?rest_route=\/wp\/v2\/users\/1"}],"replies":[{"embeddable":true,"href":"https:\/\/internacionales.unicen.edu.ar\/index.php?rest_route=%2Fwp%2Fv2%2Fcomments&post=3944"}],"version-history":[{"count":10,"href":"https:\/\/internacionales.unicen.edu.ar\/index.php?rest_route=\/wp\/v2\/pages\/3944\/revisions"}],"predecessor-version":[{"id":4363,"href":"https:\/\/internacionales.unicen.edu.ar\/index.php?rest_route=\/wp\/v2\/pages\/3944\/revisions\/4363"}],"wp:attachment":[{"href":"https:\/\/internacionales.unicen.edu.ar\/index.php?rest_route=%2Fwp%2Fv2%2Fmedia&parent=3944"}],"curies":[{"name":"wp","href":"https:\/\/api.w.org\/{rel}","templated":true}]}}