{"id":3959,"date":"2024-12-02T14:46:55","date_gmt":"2024-12-02T17:46:55","guid":{"rendered":"https:\/\/internacionales.unicen.edu.ar\/?page_id=3959"},"modified":"2025-05-06T10:27:50","modified_gmt":"2025-05-06T13:27:50","slug":"convenios","status":"publish","type":"page","link":"https:\/\/internacionales.unicen.edu.ar\/?page_id=3959","title":{"rendered":"Convenios"},"content":{"rendered":"\t\t<div data-elementor-type=\"wp-page\" data-elementor-id=\"3959\" class=\"elementor elementor-3959\">\n\t\t\t\t<div class=\"elementor-element elementor-element-99e9fee e-con-full e-flex e-con e-parent\" data-id=\"99e9fee\" data-element_type=\"container\">\n\t\t\t\t<div class=\"elementor-element elementor-element-7998c84 elementor-widget elementor-widget-text-editor\" data-id=\"7998c84\" data-element_type=\"widget\" data-widget_type=\"text-editor.default\">\n\t\t\t\t<div class=\"elementor-widget-container\">\n\t\t\t\t\t\t\t\t\t<p>Mapeo de Convenios de colaboraci\u00f3n<\/p><hr \/><p><\/p>\t\t\t\t\t\t\t\t<\/div>\n\t\t\t\t<\/div>\n\t\t\t\t<\/div>\n\t\t<div class=\"elementor-element elementor-element-e104002 e-flex e-con-boxed e-con e-parent\" data-id=\"e104002\" data-element_type=\"container\">\n\t\t\t\t\t<div class=\"e-con-inner\">\n\t\t\t\t<div class=\"elementor-element elementor-element-03d5c5d elementor-widget elementor-widget-text-editor\" data-id=\"03d5c5d\" data-element_type=\"widget\" data-widget_type=\"text-editor.default\">\n\t\t\t\t<div class=\"elementor-widget-container\">\n\t\t\t\t\t\t\t\t\t<p><span style=\"font-weight: 400;\">La UNICEN tiene presencia en el \u00e1mbito internacional, consolidando v\u00ednculos con instituciones de prestigio en Am\u00e9rica Latina y El Caribe, Europa, Asia y otras regiones del mundo.<\/span><\/p>\t\t\t\t\t\t\t\t<\/div>\n\t\t\t\t<\/div>\n\t\t\t\t\t<\/div>\n\t\t\t\t<\/div>\n\t\t<div class=\"elementor-element elementor-element-d8abc1a e-flex e-con-boxed e-con e-parent\" data-id=\"d8abc1a\" data-element_type=\"container\">\n\t\t\t\t\t<div class=\"e-con-inner\">\n\t\t\t\t<div class=\"elementor-element elementor-element-9c2e873 elementor-widget elementor-widget-shortcode\" data-id=\"9c2e873\" data-element_type=\"widget\" data-widget_type=\"shortcode.default\">\n\t\t\t\t<div class=\"elementor-widget-container\">\n\t\t\t\t\t\t\t<div class=\"elementor-shortcode\">    <div class=\"mapa-dinamico-container\">\n        <div class=\"mapa-dinamico-filtros\">\n            <input type=\"text\" id=\"buscador-mapa\" placeholder=\"Buscar universidad...\">\n            <select id=\"filtro-pais\">\n                <option value=\"\">Todos los pa\u00edses<\/option>\n            <\/select>\n        <\/div>\n        <div id=\"mapa-dinamico-container\" class=\"mapa-dinamico\" data-sheet-id=\"1J2AfaXSXBZMOaoi8TOwlEHX5kt98MlDpgdQlAvsnWuE\"><\/div>\n    <\/div>\n    <\/div>\n\t\t\t\t\t\t<\/div>\n\t\t\t\t<\/div>\n\t\t\t\t\t<\/div>\n\t\t\t\t<\/div>\n\t\t<div class=\"elementor-element elementor-element-cae78a5 e-flex e-con-boxed e-con e-parent\" data-id=\"cae78a5\" data-element_type=\"container\">\n\t\t\t\t\t<div class=\"e-con-inner\">\n\t\t\t\t<div class=\"elementor-element elementor-element-60d6ee9 elementor-widget elementor-widget-text-editor\" data-id=\"60d6ee9\" data-element_type=\"widget\" data-widget_type=\"text-editor.default\">\n\t\t\t\t<div class=\"elementor-widget-container\">\n\t\t\t\t\t\t\t\t\t<p><span style=\"font-weight: 400;\">Para la suscripci\u00f3n de convenios internacionales invitamos a las instituciones\/organismos extranjeros que completen el Formulario <\/span><a href=\"https:\/\/forms.gle\/tmYuv149eaLPKngC9\"><span style=\"font-weight: 400;\">https:\/\/forms.gle\/tmYuv149eaLPKngC9 <\/span><\/a><\/p>\t\t\t\t\t\t\t\t<\/div>\n\t\t\t\t<\/div>\n\t\t<div class=\"elementor-element elementor-element-1f762ac e-con-full e-flex e-con e-child\" data-id=\"1f762ac\" data-element_type=\"container\">\n\t\t<div class=\"elementor-element elementor-element-8c5bdd7 e-con-full e-flex e-con e-child\" data-id=\"8c5bdd7\" data-element_type=\"container\" data-settings=\"{&quot;background_background&quot;:&quot;classic&quot;}\">\n\t\t\t\t<div class=\"elementor-element elementor-element-a8fed21 elementor-widget__width-inherit elementor-widget elementor-widget-text-editor\" data-id=\"a8fed21\" data-element_type=\"widget\" data-widget_type=\"text-editor.default\">\n\t\t\t\t<div class=\"elementor-widget-container\">\n\t\t\t\t\t\t\t\t\t<p><b>Convenio en otro idioma diferente al espa\u00f1ol<\/b><\/p><p><span style=\"font-weight: 400;\">Los Modelos de Convenios UNICEN deber\u00e1n contar con la revisi\u00f3n de traducci\u00f3n p\u00fablica certificada por Traductor P\u00fablico Nacional y su respectiva legalizaci\u00f3n.<\/span><\/p><ul><\/ul>\t\t\t\t\t\t\t\t<\/div>\n\t\t\t\t<\/div>\n\t\t\t\t<\/div>\n\t\t\t\t<\/div>\n\t\t\t\t\t<\/div>\n\t\t\t\t<\/div>\n\t\t\t\t<\/div>\n\t\t","protected":false},"excerpt":{"rendered":"<p>Mapeo de Convenios de colaboraci\u00f3n La UNICEN tiene presencia en el \u00e1mbito internacional, consolidando v\u00ednculos con instituciones de prestigio en Am\u00e9rica Latina y El Caribe, Europa, Asia y otras regiones del mundo. Para la suscripci\u00f3n de convenios internacionales invitamos a las instituciones\/organismos extranjeros que completen el Formulario https:\/\/forms.gle\/tmYuv149eaLPKngC9 Convenio en [&hellip;]<\/p>\n","protected":false},"author":1,"featured_media":0,"parent":0,"menu_order":0,"comment_status":"closed","ping_status":"closed","template":"elementor_theme","meta":{"footnotes":""},"class_list":["post-3959","page","type-page","status-publish","hentry"],"rttpg_featured_image_url":null,"rttpg_author":{"display_name":"soporte","author_link":"https:\/\/internacionales.unicen.edu.ar\/?author=1"},"rttpg_comment":0,"rttpg_category":null,"rttpg_excerpt":"Mapeo de Convenios de colaboraci\u00f3n La UNICEN tiene presencia en el \u00e1mbito internacional, consolidando v\u00ednculos con instituciones de prestigio en Am\u00e9rica Latina y El Caribe, Europa, Asia y otras regiones del mundo. Para la suscripci\u00f3n de convenios internacionales invitamos a las instituciones\/organismos extranjeros que completen el Formulario https:\/\/forms.gle\/tmYuv149eaLPKngC9 Convenio en [&hellip;]","_links":{"self":[{"href":"https:\/\/internacionales.unicen.edu.ar\/index.php?rest_route=\/wp\/v2\/pages\/3959","targetHints":{"allow":["GET"]}}],"collection":[{"href":"https:\/\/internacionales.unicen.edu.ar\/index.php?rest_route=\/wp\/v2\/pages"}],"about":[{"href":"https:\/\/internacionales.unicen.edu.ar\/index.php?rest_route=\/wp\/v2\/types\/page"}],"author":[{"embeddable":true,"href":"https:\/\/internacionales.unicen.edu.ar\/index.php?rest_route=\/wp\/v2\/users\/1"}],"replies":[{"embeddable":true,"href":"https:\/\/internacionales.unicen.edu.ar\/index.php?rest_route=%2Fwp%2Fv2%2Fcomments&post=3959"}],"version-history":[{"count":137,"href":"https:\/\/internacionales.unicen.edu.ar\/index.php?rest_route=\/wp\/v2\/pages\/3959\/revisions"}],"predecessor-version":[{"id":4703,"href":"https:\/\/internacionales.unicen.edu.ar\/index.php?rest_route=\/wp\/v2\/pages\/3959\/revisions\/4703"}],"wp:attachment":[{"href":"https:\/\/internacionales.unicen.edu.ar\/index.php?rest_route=%2Fwp%2Fv2%2Fmedia&parent=3959"}],"curies":[{"name":"wp","href":"https:\/\/api.w.org\/{rel}","templated":true}]}}