{"id":3999,"date":"2024-12-05T14:49:52","date_gmt":"2024-12-05T17:49:52","guid":{"rendered":"https:\/\/internacionales.unicen.edu.ar\/?page_id=3999"},"modified":"2025-06-06T11:21:54","modified_gmt":"2025-06-06T14:21:54","slug":"proyectos-colaborativos-virtuales","status":"publish","type":"page","link":"https:\/\/internacionales.unicen.edu.ar\/?page_id=3999","title":{"rendered":"Proyectos colaborativos virtuales"},"content":{"rendered":"\t\t<div data-elementor-type=\"wp-page\" data-elementor-id=\"3999\" class=\"elementor elementor-3999\">\n\t\t\t\t<div class=\"elementor-element elementor-element-99e9fee e-con-full e-flex e-con e-parent\" data-id=\"99e9fee\" data-element_type=\"container\">\n\t\t\t\t<div class=\"elementor-element elementor-element-7998c84 elementor-widget elementor-widget-text-editor\" data-id=\"7998c84\" data-element_type=\"widget\" data-widget_type=\"text-editor.default\">\n\t\t\t\t<div class=\"elementor-widget-container\">\n\t\t\t\t\t\t\t\t\t<p>\u00bfQU\u00c9 SON LOS COIL?<\/p><hr \/>\t\t\t\t\t\t\t\t<\/div>\n\t\t\t\t<\/div>\n\t\t\t\t<\/div>\n\t\t<div class=\"elementor-element elementor-element-7010c6b e-grid e-con-boxed e-con e-parent\" data-id=\"7010c6b\" data-element_type=\"container\">\n\t\t\t\t\t<div class=\"e-con-inner\">\n\t\t\t\t<div class=\"elementor-element elementor-element-ec62d18 elementor-widget elementor-widget-video\" data-id=\"ec62d18\" data-element_type=\"widget\" data-settings=\"{&quot;youtube_url&quot;:&quot;https:\\\/\\\/www.youtube.com\\\/watch?v=JfLcNgx-KJQ&quot;,&quot;video_type&quot;:&quot;youtube&quot;,&quot;controls&quot;:&quot;yes&quot;}\" data-widget_type=\"video.default\">\n\t\t\t\t<div class=\"elementor-widget-container\">\n\t\t\t\t\t\t\t<div class=\"elementor-wrapper elementor-open-inline\">\n\t\t\t<div class=\"elementor-video\"><\/div>\t\t<\/div>\n\t\t\t\t\t\t<\/div>\n\t\t\t\t<\/div>\n\t\t\t\t<div class=\"elementor-element elementor-element-c08d970 elementor-widget elementor-widget-text-editor\" data-id=\"c08d970\" data-element_type=\"widget\" data-widget_type=\"text-editor.default\">\n\t\t\t\t<div class=\"elementor-widget-container\">\n\t\t\t\t\t\t\t\t\t<p><span style=\"font-weight: 400;\">La implementaci\u00f3n de espacios colaborativos virtuales e internacionales &#8211; COILs (Colaboraciones para el Aprendizaje Internacional en l\u00ednea) tiene un doble objetivo: promover acciones para una internacionalizaci\u00f3n inclusiva en la UNICEN y la difusi\u00f3n y el intercambio del conocimiento en clave internacional e intercultural. Asimismo, se busca generar sensibilidad en la comunidad universitaria sobre las principales problem\u00e1ticas sociales, pol\u00edticas, econ\u00f3micas, ambientales y culturales de la regi\u00f3n y del mundo, a trav\u00e9s de la incorporaci\u00f3n de la perspectiva que nos proponen los Objetivos de Desarrollo Sostenible como parte de la agenda mundial para el abordaje de problem\u00e1ticas globales.<\/span><\/p>\t\t\t\t\t\t\t\t<\/div>\n\t\t\t\t<\/div>\n\t\t\t\t\t<\/div>\n\t\t\t\t<\/div>\n\t\t<div class=\"elementor-element elementor-element-5c8704f e-flex e-con-boxed e-con e-parent\" data-id=\"5c8704f\" data-element_type=\"container\">\n\t\t\t\t\t<div class=\"e-con-inner\">\n\t\t\t\t<div class=\"elementor-element elementor-element-a9d5a4a elementor-widget elementor-widget-shortcode\" data-id=\"a9d5a4a\" data-element_type=\"widget\" data-widget_type=\"shortcode.default\">\n\t\t\t\t<div class=\"elementor-widget-container\">\n\t\t\t\t\t\t\t<div class=\"elementor-shortcode\">    <div class=\"mapa-dinamico-container\">\n        <div class=\"mapa-dinamico-filtros\">\n            <input type=\"text\" id=\"buscador-mapa\" placeholder=\"Buscar universidad...\">\n            <select id=\"filtro-pais\">\n                <option value=\"\">Todos los pa\u00edses<\/option>\n            <\/select>\n        <\/div>\n        <div id=\"mapa-dinamico-container\" class=\"mapa-dinamico\" data-sheet-id=\"1E5eYuJC4VMGSoKL1fRew_XA8ZAV8kOc7ckHtuioqvac\"><\/div>\n    <\/div>\n    \n<\/div>\n\t\t\t\t\t\t<\/div>\n\t\t\t\t<\/div>\n\t\t\t\t\t<\/div>\n\t\t\t\t<\/div>\n\t\t<div class=\"elementor-element elementor-element-95275af e-flex e-con-boxed e-con e-parent\" data-id=\"95275af\" data-element_type=\"container\">\n\t\t\t\t\t<div class=\"e-con-inner\">\n\t\t\t\t<div class=\"elementor-element elementor-element-50eb660 elementor-widget elementor-widget-text-editor\" data-id=\"50eb660\" data-element_type=\"widget\" data-widget_type=\"text-editor.default\">\n\t\t\t\t<div class=\"elementor-widget-container\">\n\t\t\t\t\t\t\t\t\t<p><strong>SUMATE<\/strong><\/p><p>Agregar mapa<\/p><p><a href=\"https:\/\/forms.gle\/Q8YcyJ9W7EPjp9T48\"><span style=\"font-weight: 400;\">Docentes UNICEN<\/span><\/a><\/p><p><a href=\"https:\/\/forms.gle\/uyAaYLJttA4pXZb69\"><span style=\"font-weight: 400;\">Docentes de Universidades Extranjeras<\/span><\/a><\/p>\t\t\t\t\t\t\t\t<\/div>\n\t\t\t\t<\/div>\n\t\t\t\t\t<\/div>\n\t\t\t\t<\/div>\n\t\t\t\t<\/div>\n\t\t","protected":false},"excerpt":{"rendered":"<p>\u00bfQU\u00c9 SON LOS COIL? https:\/\/www.youtube.com\/watch?v=JfLcNgx-KJQ La implementaci\u00f3n de espacios colaborativos virtuales e internacionales &#8211; COILs (Colaboraciones para el Aprendizaje Internacional en l\u00ednea) tiene un doble objetivo: promover acciones para una internacionalizaci\u00f3n inclusiva en la UNICEN y la difusi\u00f3n y el intercambio del conocimiento en clave internacional e intercultural. Asimismo, se [&hellip;]<\/p>\n","protected":false},"author":1,"featured_media":0,"parent":0,"menu_order":0,"comment_status":"closed","ping_status":"closed","template":"elementor_theme","meta":{"footnotes":""},"class_list":["post-3999","page","type-page","status-publish","hentry"],"rttpg_featured_image_url":null,"rttpg_author":{"display_name":"soporte","author_link":"https:\/\/internacionales.unicen.edu.ar\/?author=1"},"rttpg_comment":0,"rttpg_category":null,"rttpg_excerpt":"\u00bfQU\u00c9 SON LOS COIL? https:\/\/www.youtube.com\/watch?v=JfLcNgx-KJQ La implementaci\u00f3n de espacios colaborativos virtuales e internacionales &#8211; COILs (Colaboraciones para el Aprendizaje Internacional en l\u00ednea) tiene un doble objetivo: promover acciones para una internacionalizaci\u00f3n inclusiva en la UNICEN y la difusi\u00f3n y el intercambio del conocimiento en clave internacional e intercultural. Asimismo, se [&hellip;]","_links":{"self":[{"href":"https:\/\/internacionales.unicen.edu.ar\/index.php?rest_route=\/wp\/v2\/pages\/3999","targetHints":{"allow":["GET"]}}],"collection":[{"href":"https:\/\/internacionales.unicen.edu.ar\/index.php?rest_route=\/wp\/v2\/pages"}],"about":[{"href":"https:\/\/internacionales.unicen.edu.ar\/index.php?rest_route=\/wp\/v2\/types\/page"}],"author":[{"embeddable":true,"href":"https:\/\/internacionales.unicen.edu.ar\/index.php?rest_route=\/wp\/v2\/users\/1"}],"replies":[{"embeddable":true,"href":"https:\/\/internacionales.unicen.edu.ar\/index.php?rest_route=%2Fwp%2Fv2%2Fcomments&post=3999"}],"version-history":[{"count":16,"href":"https:\/\/internacionales.unicen.edu.ar\/index.php?rest_route=\/wp\/v2\/pages\/3999\/revisions"}],"predecessor-version":[{"id":4760,"href":"https:\/\/internacionales.unicen.edu.ar\/index.php?rest_route=\/wp\/v2\/pages\/3999\/revisions\/4760"}],"wp:attachment":[{"href":"https:\/\/internacionales.unicen.edu.ar\/index.php?rest_route=%2Fwp%2Fv2%2Fmedia&parent=3999"}],"curies":[{"name":"wp","href":"https:\/\/api.w.org\/{rel}","templated":true}]}}