{"id":4010,"date":"2024-12-05T15:22:36","date_gmt":"2024-12-05T18:22:36","guid":{"rendered":"https:\/\/internacionales.unicen.edu.ar\/?page_id=4010"},"modified":"2025-02-27T14:07:02","modified_gmt":"2025-02-27T17:07:02","slug":"redes-de-colaboracion","status":"publish","type":"page","link":"https:\/\/internacionales.unicen.edu.ar\/?page_id=4010","title":{"rendered":"Redes de Colaboraci\u00f3n"},"content":{"rendered":"\t\t<div data-elementor-type=\"wp-page\" data-elementor-id=\"4010\" class=\"elementor elementor-4010\">\n\t\t\t\t<div class=\"elementor-element elementor-element-12af143 e-flex e-con-boxed e-con e-parent\" data-id=\"12af143\" data-element_type=\"container\">\n\t\t\t\t\t<div class=\"e-con-inner\">\n\t\t<div class=\"elementor-element elementor-element-63f05b6 e-con-full e-flex e-con e-child\" data-id=\"63f05b6\" data-element_type=\"container\">\n\t\t\t\t<div class=\"elementor-element elementor-element-c02b729 elementor-widget elementor-widget-image\" data-id=\"c02b729\" data-element_type=\"widget\" data-widget_type=\"image.default\">\n\t\t\t\t<div class=\"elementor-widget-container\">\n\t\t\t\t\t\t\t\t\t\t\t\t\t\t\t<img fetchpriority=\"high\" decoding=\"async\" width=\"750\" height=\"280\" src=\"https:\/\/internacionales.unicen.edu.ar\/wp-content\/uploads\/2024\/12\/logo_auip.webp\" class=\"attachment-large size-large wp-image-4171\" alt=\"\" srcset=\"https:\/\/internacionales.unicen.edu.ar\/wp-content\/uploads\/2024\/12\/logo_auip.webp 1000w, https:\/\/internacionales.unicen.edu.ar\/wp-content\/uploads\/2024\/12\/logo_auip-300x112.webp 300w, https:\/\/internacionales.unicen.edu.ar\/wp-content\/uploads\/2024\/12\/logo_auip-768x286.webp 768w\" sizes=\"(max-width: 750px) 100vw, 750px\" \/>\t\t\t\t\t\t\t\t\t\t\t\t\t\t\t<\/div>\n\t\t\t\t<\/div>\n\t\t\t\t<\/div>\n\t\t<div class=\"elementor-element elementor-element-4ca2f47 e-con-full e-flex e-con e-child\" data-id=\"4ca2f47\" data-element_type=\"container\">\n\t\t<div class=\"elementor-element elementor-element-04355c5 e-con-full e-flex e-con e-child\" data-id=\"04355c5\" data-element_type=\"container\">\n\t\t\t\t<div class=\"elementor-element elementor-element-9c7006b elementor-invisible elementor-widget elementor-widget-text-editor\" data-id=\"9c7006b\" data-element_type=\"widget\" data-settings=\"{&quot;_animation&quot;:&quot;fadeIn&quot;}\" data-widget_type=\"text-editor.default\">\n\t\t\t\t<div class=\"elementor-widget-container\">\n\t\t\t\t\t\t\t\t\t<p>La Asociaci\u00f3n Universitaria Iberoamericana de Posgrado se propone como objetivo general contribuir con criterio de alta calidad acad\u00e9mica a la formaci\u00f3n de profesores universitarios, cient\u00edficos y profesionales en el nivel de postgrado y doctorado, en funci\u00f3n de las necesidades de desarrollo de cada pa\u00eds y de la Comunidad Iberoamericana de Naciones. A partir del 2022 la UNICEN y AUIP suscribieron un convenio por medio del cual nuestra universidad se asocia al Sistema AUIP convirti\u00e9ndose en miembro pleno a trav\u00e9s del pago de una cuota de vinculaci\u00f3n y la respectiva cuota anual.<\/p>\t\t\t\t\t\t\t\t<\/div>\n\t\t\t\t<\/div>\n\t\t\t\t<\/div>\n\t\t<div class=\"elementor-element elementor-element-f2f9997 e-con-full e-flex e-con e-child\" data-id=\"f2f9997\" data-element_type=\"container\">\n\t\t\t\t<div class=\"elementor-element elementor-element-cbce06d elementor-widget elementor-widget-button\" data-id=\"cbce06d\" data-element_type=\"widget\" data-widget_type=\"button.default\">\n\t\t\t\t<div class=\"elementor-widget-container\">\n\t\t\t\t\t\t\t\t\t<div class=\"elementor-button-wrapper\">\n\t\t\t\t\t<a class=\"elementor-button elementor-button-link elementor-size-sm\" href=\"https:\/\/auip.org\/es\/\" target=\"_blank\">\n\t\t\t\t\t\t<span class=\"elementor-button-content-wrapper\">\n\t\t\t\t\t\t\t\t\t<span class=\"elementor-button-text\">Visitar Web AUIP<\/span>\n\t\t\t\t\t<\/span>\n\t\t\t\t\t<\/a>\n\t\t\t\t<\/div>\n\t\t\t\t\t\t\t\t<\/div>\n\t\t\t\t<\/div>\n\t\t\t\t<\/div>\n\t\t\t\t<\/div>\n\t\t\t\t\t<\/div>\n\t\t\t\t<\/div>\n\t\t<div class=\"elementor-element elementor-element-cdccbdc e-flex e-con-boxed e-con e-parent\" data-id=\"cdccbdc\" data-element_type=\"container\">\n\t\t\t\t\t<div class=\"e-con-inner\">\n\t\t<div class=\"elementor-element elementor-element-8faaaad e-con-full e-flex e-con e-child\" data-id=\"8faaaad\" data-element_type=\"container\">\n\t\t\t\t<\/div>\n\t\t<div class=\"elementor-element elementor-element-4805341 e-con-full e-flex e-con e-child\" data-id=\"4805341\" data-element_type=\"container\">\n\t\t\t\t<\/div>\n\t\t\t\t\t<\/div>\n\t\t\t\t<\/div>\n\t\t<div class=\"elementor-element elementor-element-3f59337 e-flex e-con-boxed e-con e-parent\" data-id=\"3f59337\" data-element_type=\"container\">\n\t\t\t\t\t<div class=\"e-con-inner\">\n\t\t\t\t\t<\/div>\n\t\t\t\t<\/div>\n\t\t<div class=\"elementor-element elementor-element-96b048e e-flex e-con-boxed e-con e-parent\" data-id=\"96b048e\" data-element_type=\"container\">\n\t\t\t\t\t<div class=\"e-con-inner\">\n\t\t\t\t\t<\/div>\n\t\t\t\t<\/div>\n\t\t\t\t<\/div>\n\t\t","protected":false},"excerpt":{"rendered":"<p>La Asociaci\u00f3n Universitaria Iberoamericana de Posgrado se propone como objetivo general contribuir con criterio de alta calidad acad\u00e9mica a la formaci\u00f3n de profesores universitarios, cient\u00edficos y profesionales en el nivel de postgrado y doctorado, en funci\u00f3n de las necesidades de desarrollo de cada pa\u00eds y de la Comunidad Iberoamericana de [&hellip;]<\/p>\n","protected":false},"author":1,"featured_media":0,"parent":0,"menu_order":0,"comment_status":"closed","ping_status":"closed","template":"elementor_theme","meta":{"footnotes":""},"class_list":["post-4010","page","type-page","status-publish","hentry"],"rttpg_featured_image_url":null,"rttpg_author":{"display_name":"soporte","author_link":"https:\/\/internacionales.unicen.edu.ar\/?author=1"},"rttpg_comment":0,"rttpg_category":null,"rttpg_excerpt":"La Asociaci\u00f3n Universitaria Iberoamericana de Posgrado se propone como objetivo general contribuir con criterio de alta calidad acad\u00e9mica a la formaci\u00f3n de profesores universitarios, cient\u00edficos y profesionales en el nivel de postgrado y doctorado, en funci\u00f3n de las necesidades de desarrollo de cada pa\u00eds y de la Comunidad Iberoamericana de [&hellip;]","_links":{"self":[{"href":"https:\/\/internacionales.unicen.edu.ar\/index.php?rest_route=\/wp\/v2\/pages\/4010","targetHints":{"allow":["GET"]}}],"collection":[{"href":"https:\/\/internacionales.unicen.edu.ar\/index.php?rest_route=\/wp\/v2\/pages"}],"about":[{"href":"https:\/\/internacionales.unicen.edu.ar\/index.php?rest_route=\/wp\/v2\/types\/page"}],"author":[{"embeddable":true,"href":"https:\/\/internacionales.unicen.edu.ar\/index.php?rest_route=\/wp\/v2\/users\/1"}],"replies":[{"embeddable":true,"href":"https:\/\/internacionales.unicen.edu.ar\/index.php?rest_route=%2Fwp%2Fv2%2Fcomments&post=4010"}],"version-history":[{"count":16,"href":"https:\/\/internacionales.unicen.edu.ar\/index.php?rest_route=\/wp\/v2\/pages\/4010\/revisions"}],"predecessor-version":[{"id":4280,"href":"https:\/\/internacionales.unicen.edu.ar\/index.php?rest_route=\/wp\/v2\/pages\/4010\/revisions\/4280"}],"wp:attachment":[{"href":"https:\/\/internacionales.unicen.edu.ar\/index.php?rest_route=%2Fwp%2Fv2%2Fmedia&parent=4010"}],"curies":[{"name":"wp","href":"https:\/\/api.w.org\/{rel}","templated":true}]}}